{"id":1175,"date":"2021-03-25T17:44:33","date_gmt":"2021-03-25T14:44:33","guid":{"rendered":"https:\/\/tovie.ai\/en\/?page_id=1175"},"modified":"2021-03-25T17:44:33","modified_gmt":"2021-03-25T14:44:33","slug":"success-stories","status":"publish","type":"page","link":"https:\/\/tovie.ai\/pt\/success-stories","title":{"rendered":"Success stories"},"content":{"rendered":"","protected":false},"excerpt":{"rendered":"","protected":false},"author":1,"featured_media":0,"parent":0,"menu_order":0,"comment_status":"closed","ping_status":"closed","template":"templates\/template-case_main.php","meta":{"_acf_changed":false,"content-type":"","inline_featured_image":false,"footnotes":""},"class_list":["post-1175","page","type-page","status-publish","hentry"],"acf":[],"yoast_head":"<!-- This site is optimized with the Yoast SEO plugin v26.9 - https:\/\/yoast.com\/product\/yoast-seo-wordpress\/ -->\n<title>Success stories<\/title>\n<meta name=\"robots\" content=\"index, follow, max-snippet:-1, max-image-preview:large, max-video-preview:-1\" \/>\n<link rel=\"canonical\" href=\"https:\/\/tovie.ai\/pt\/success-stories\" \/>\n<meta property=\"og:locale\" content=\"en_US\" \/>\n<meta property=\"og:type\" content=\"article\" \/>\n<meta property=\"og:title\" content=\"Success stories\" \/>\n<meta property=\"og:url\" content=\"https:\/\/tovie.ai\/pt\/success-stories\" \/>\n<meta property=\"og:site_name\" content=\"Melhores pr\u00e1ticas de conversa\u00e7\u00e3o de Tovie AI: chat\/voz\/chamadas\" \/>\n<meta name=\"twitter:card\" content=\"summary_large_image\" \/>\n<script type=\"application\/ld+json\" class=\"yoast-schema-graph\">{\"@context\":\"https:\/\/schema.org\",\"@graph\":[{\"@type\":\"WebPage\",\"@id\":\"https:\/\/tovie.ai\/pt\/success-stories\",\"url\":\"https:\/\/tovie.ai\/pt\/success-stories\",\"name\":\"Success stories\",\"isPartOf\":{\"@id\":\"https:\/\/tovie.ai\/pt\/#website\"},\"datePublished\":\"2021-03-25T14:44:33+00:00\",\"breadcrumb\":{\"@id\":\"https:\/\/tovie.ai\/pt\/success-stories#breadcrumb\"},\"inLanguage\":\"en-US\",\"potentialAction\":[{\"@type\":\"ReadAction\",\"target\":[\"https:\/\/tovie.ai\/pt\/success-stories\"]}]},{\"@type\":\"BreadcrumbList\",\"@id\":\"https:\/\/tovie.ai\/pt\/success-stories#breadcrumb\",\"itemListElement\":[{\"@type\":\"ListItem\",\"position\":1,\"name\":\"\u0413\u043b\u0430\u0432\u043d\u0430\u044f \u0441\u0442\u0440\u0430\u043d\u0438\u0446\u0430\",\"item\":\"https:\/\/tovie.ai\/pt\"},{\"@type\":\"ListItem\",\"position\":2,\"name\":\"Success stories\"}]},{\"@type\":\"WebSite\",\"@id\":\"https:\/\/tovie.ai\/pt\/#website\",\"url\":\"https:\/\/tovie.ai\/pt\/\",\"name\":\"Melhores pr\u00e1ticas de conversa\u00e7\u00e3o de Tovie AI: chat\/voz\/chamadas\",\"description\":\"N\u00f3s fornecemos agentes conversacionais sob medida para a sua marca e disponibilizamos em uma grande lista de aparelhos e canais. Conhecimento automatizado, vendas e suporte com Tovie IA\",\"publisher\":{\"@id\":\"https:\/\/tovie.ai\/pt\/#organization\"},\"potentialAction\":[{\"@type\":\"SearchAction\",\"target\":{\"@type\":\"EntryPoint\",\"urlTemplate\":\"https:\/\/tovie.ai\/pt\/?s={search_term_string}\"},\"query-input\":{\"@type\":\"PropertyValueSpecification\",\"valueRequired\":true,\"valueName\":\"search_term_string\"}}],\"inLanguage\":\"en-US\"},{\"@type\":\"Organization\",\"@id\":\"https:\/\/tovie.ai\/pt\/#organization\",\"name\":\"Melhores pr\u00e1ticas de conversa\u00e7\u00e3o de Tovie AI: chat\/voz\/chamadas\",\"url\":\"https:\/\/tovie.ai\/pt\/\",\"logo\":{\"@type\":\"ImageObject\",\"inLanguage\":\"en-US\",\"@id\":\"https:\/\/tovie.ai\/pt\/#\/schema\/logo\/image\/\",\"url\":\"https:\/\/tovie.ai\/pt\/wp-content\/uploads\/sites\/3\/2022\/07\/logo-social-2.png\",\"contentUrl\":\"https:\/\/tovie.ai\/pt\/wp-content\/uploads\/sites\/3\/2022\/07\/logo-social-2.png\",\"width\":200,\"height\":200,\"caption\":\"Melhores pr\u00e1ticas de conversa\u00e7\u00e3o de Tovie AI: chat\/voz\/chamadas\"},\"image\":{\"@id\":\"https:\/\/tovie.ai\/pt\/#\/schema\/logo\/image\/\"}}]}<\/script>\n<!-- \/ Yoast SEO plugin. -->","yoast_head_json":{"title":"Success stories","robots":{"index":"index","follow":"follow","max-snippet":"max-snippet:-1","max-image-preview":"max-image-preview:large","max-video-preview":"max-video-preview:-1"},"canonical":"https:\/\/tovie.ai\/pt\/success-stories","og_locale":"en_US","og_type":"article","og_title":"Success stories","og_url":"https:\/\/tovie.ai\/pt\/success-stories","og_site_name":"Melhores pr\u00e1ticas de conversa\u00e7\u00e3o de Tovie AI: chat\/voz\/chamadas","twitter_card":"summary_large_image","schema":{"@context":"https:\/\/schema.org","@graph":[{"@type":"WebPage","@id":"https:\/\/tovie.ai\/pt\/success-stories","url":"https:\/\/tovie.ai\/pt\/success-stories","name":"Success stories","isPartOf":{"@id":"https:\/\/tovie.ai\/pt\/#website"},"datePublished":"2021-03-25T14:44:33+00:00","breadcrumb":{"@id":"https:\/\/tovie.ai\/pt\/success-stories#breadcrumb"},"inLanguage":"en-US","potentialAction":[{"@type":"ReadAction","target":["https:\/\/tovie.ai\/pt\/success-stories"]}]},{"@type":"BreadcrumbList","@id":"https:\/\/tovie.ai\/pt\/success-stories#breadcrumb","itemListElement":[{"@type":"ListItem","position":1,"name":"\u0413\u043b\u0430\u0432\u043d\u0430\u044f \u0441\u0442\u0440\u0430\u043d\u0438\u0446\u0430","item":"https:\/\/tovie.ai\/pt"},{"@type":"ListItem","position":2,"name":"Success stories"}]},{"@type":"WebSite","@id":"https:\/\/tovie.ai\/pt\/#website","url":"https:\/\/tovie.ai\/pt\/","name":"Melhores pr\u00e1ticas de conversa\u00e7\u00e3o de Tovie AI: chat\/voz\/chamadas","description":"N\u00f3s fornecemos agentes conversacionais sob medida para a sua marca e disponibilizamos em uma grande lista de aparelhos e canais. Conhecimento automatizado, vendas e suporte com Tovie IA","publisher":{"@id":"https:\/\/tovie.ai\/pt\/#organization"},"potentialAction":[{"@type":"SearchAction","target":{"@type":"EntryPoint","urlTemplate":"https:\/\/tovie.ai\/pt\/?s={search_term_string}"},"query-input":{"@type":"PropertyValueSpecification","valueRequired":true,"valueName":"search_term_string"}}],"inLanguage":"en-US"},{"@type":"Organization","@id":"https:\/\/tovie.ai\/pt\/#organization","name":"Melhores pr\u00e1ticas de conversa\u00e7\u00e3o de Tovie AI: chat\/voz\/chamadas","url":"https:\/\/tovie.ai\/pt\/","logo":{"@type":"ImageObject","inLanguage":"en-US","@id":"https:\/\/tovie.ai\/pt\/#\/schema\/logo\/image\/","url":"https:\/\/tovie.ai\/pt\/wp-content\/uploads\/sites\/3\/2022\/07\/logo-social-2.png","contentUrl":"https:\/\/tovie.ai\/pt\/wp-content\/uploads\/sites\/3\/2022\/07\/logo-social-2.png","width":200,"height":200,"caption":"Melhores pr\u00e1ticas de conversa\u00e7\u00e3o de Tovie AI: chat\/voz\/chamadas"},"image":{"@id":"https:\/\/tovie.ai\/pt\/#\/schema\/logo\/image\/"}}]}},"_links":{"self":[{"href":"https:\/\/tovie.ai\/pt\/wp-json\/wp\/v2\/pages\/1175","targetHints":{"allow":["GET"]}}],"collection":[{"href":"https:\/\/tovie.ai\/pt\/wp-json\/wp\/v2\/pages"}],"about":[{"href":"https:\/\/tovie.ai\/pt\/wp-json\/wp\/v2\/types\/page"}],"author":[{"embeddable":true,"href":"https:\/\/tovie.ai\/pt\/wp-json\/wp\/v2\/users\/1"}],"replies":[{"embeddable":true,"href":"https:\/\/tovie.ai\/pt\/wp-json\/wp\/v2\/comments?post=1175"}],"version-history":[{"count":0,"href":"https:\/\/tovie.ai\/pt\/wp-json\/wp\/v2\/pages\/1175\/revisions"}],"wp:attachment":[{"href":"https:\/\/tovie.ai\/pt\/wp-json\/wp\/v2\/media?parent=1175"}],"curies":[{"name":"wp","href":"https:\/\/api.w.org\/{rel}","templated":true}]}}