{"id":2373,"date":"2022-01-20T13:08:21","date_gmt":"2022-01-20T10:08:21","guid":{"rendered":"https:\/\/tovie.ai\/en\/?page_id=2373"},"modified":"2022-10-26T12:57:08","modified_gmt":"2022-10-26T09:57:08","slug":"about","status":"publish","type":"page","link":"https:\/\/tovie.ai\/pt\/about","title":{"rendered":"About Tovie AI"},"content":{"rendered":"","protected":false},"excerpt":{"rendered":"","protected":false},"author":1,"featured_media":0,"parent":0,"menu_order":0,"comment_status":"closed","ping_status":"closed","template":"templates\/template-about_us.php","meta":{"_acf_changed":false,"content-type":"","inline_featured_image":false,"footnotes":""},"class_list":["post-2373","page","type-page","status-publish","hentry"],"acf":[],"yoast_head":"<!-- This site is optimized with the Yoast SEO plugin v26.9 - https:\/\/yoast.com\/product\/yoast-seo-wordpress\/ -->\n<title>Sobre o Tovie AI<\/title>\n<meta name=\"description\" content=\"Na Tovie AI, n\u00f3s criamos solu\u00e7\u00f5es e ferramentas para tornar qualquer experi\u00eancia conversacional fluida.\" \/>\n<meta name=\"robots\" content=\"index, follow, max-snippet:-1, max-image-preview:large, max-video-preview:-1\" \/>\n<link rel=\"canonical\" href=\"https:\/\/tovie.ai\/pt\/about\" \/>\n<meta property=\"og:locale\" content=\"en_US\" \/>\n<meta property=\"og:type\" content=\"article\" \/>\n<meta property=\"og:title\" content=\"Sobre o Tovie AI\" \/>\n<meta property=\"og:description\" content=\"Na Tovie AI, n\u00f3s criamos solu\u00e7\u00f5es e ferramentas para tornar qualquer experi\u00eancia conversacional fluida.\" \/>\n<meta property=\"og:url\" content=\"https:\/\/tovie.ai\/pt\/about\" \/>\n<meta property=\"og:site_name\" content=\"Melhores pr\u00e1ticas de conversa\u00e7\u00e3o de Tovie AI: chat\/voz\/chamadas\" \/>\n<meta property=\"article:modified_time\" content=\"2022-10-26T09:57:08+00:00\" \/>\n<meta property=\"og:image\" content=\"https:\/\/tovie.ai\/pt\/wp-content\/uploads\/sites\/3\/2022\/07\/logo-social-2.png\" \/>\n\t<meta property=\"og:image:width\" content=\"200\" \/>\n\t<meta property=\"og:image:height\" content=\"200\" \/>\n\t<meta property=\"og:image:type\" content=\"image\/png\" \/>\n<meta name=\"twitter:card\" content=\"summary_large_image\" \/>\n<meta name=\"twitter:title\" content=\"Sobre o Tovie AI\" \/>\n<meta name=\"twitter:description\" content=\"Na Tovie AI, n\u00f3s criamos solu\u00e7\u00f5es e ferramentas para tornar qualquer experi\u00eancia conversacional fluida.\" \/>\n<meta name=\"twitter:image\" content=\"https:\/\/tovie.ai\/pt\/wp-content\/uploads\/sites\/3\/2022\/07\/logo-social-2.png\" \/>\n<script type=\"application\/ld+json\" class=\"yoast-schema-graph\">{\"@context\":\"https:\/\/schema.org\",\"@graph\":[{\"@type\":\"WebPage\",\"@id\":\"https:\/\/tovie.ai\/pt\/about\",\"url\":\"https:\/\/tovie.ai\/pt\/about\",\"name\":\"Sobre o Tovie AI\",\"isPartOf\":{\"@id\":\"https:\/\/tovie.ai\/pt\/#website\"},\"datePublished\":\"2022-01-20T10:08:21+00:00\",\"dateModified\":\"2022-10-26T09:57:08+00:00\",\"description\":\"Na Tovie AI, n\u00f3s criamos solu\u00e7\u00f5es e ferramentas para tornar qualquer experi\u00eancia conversacional fluida.\",\"breadcrumb\":{\"@id\":\"https:\/\/tovie.ai\/pt\/about#breadcrumb\"},\"inLanguage\":\"en-US\",\"potentialAction\":[{\"@type\":\"ReadAction\",\"target\":[\"https:\/\/tovie.ai\/pt\/about\"]}]},{\"@type\":\"BreadcrumbList\",\"@id\":\"https:\/\/tovie.ai\/pt\/about#breadcrumb\",\"itemListElement\":[{\"@type\":\"ListItem\",\"position\":1,\"name\":\"\u0413\u043b\u0430\u0432\u043d\u0430\u044f \u0441\u0442\u0440\u0430\u043d\u0438\u0446\u0430\",\"item\":\"https:\/\/tovie.ai\/pt\"},{\"@type\":\"ListItem\",\"position\":2,\"name\":\"About Tovie AI\"}]},{\"@type\":\"WebSite\",\"@id\":\"https:\/\/tovie.ai\/pt\/#website\",\"url\":\"https:\/\/tovie.ai\/pt\/\",\"name\":\"Melhores pr\u00e1ticas de conversa\u00e7\u00e3o de Tovie AI: chat\/voz\/chamadas\",\"description\":\"N\u00f3s fornecemos agentes conversacionais sob medida para a sua marca e disponibilizamos em uma grande lista de aparelhos e canais. Conhecimento automatizado, vendas e suporte com Tovie IA\",\"publisher\":{\"@id\":\"https:\/\/tovie.ai\/pt\/#organization\"},\"potentialAction\":[{\"@type\":\"SearchAction\",\"target\":{\"@type\":\"EntryPoint\",\"urlTemplate\":\"https:\/\/tovie.ai\/pt\/?s={search_term_string}\"},\"query-input\":{\"@type\":\"PropertyValueSpecification\",\"valueRequired\":true,\"valueName\":\"search_term_string\"}}],\"inLanguage\":\"en-US\"},{\"@type\":\"Organization\",\"@id\":\"https:\/\/tovie.ai\/pt\/#organization\",\"name\":\"Melhores pr\u00e1ticas de conversa\u00e7\u00e3o de Tovie AI: chat\/voz\/chamadas\",\"url\":\"https:\/\/tovie.ai\/pt\/\",\"logo\":{\"@type\":\"ImageObject\",\"inLanguage\":\"en-US\",\"@id\":\"https:\/\/tovie.ai\/pt\/#\/schema\/logo\/image\/\",\"url\":\"https:\/\/tovie.ai\/pt\/wp-content\/uploads\/sites\/3\/2022\/07\/logo-social-2.png\",\"contentUrl\":\"https:\/\/tovie.ai\/pt\/wp-content\/uploads\/sites\/3\/2022\/07\/logo-social-2.png\",\"width\":200,\"height\":200,\"caption\":\"Melhores pr\u00e1ticas de conversa\u00e7\u00e3o de Tovie AI: chat\/voz\/chamadas\"},\"image\":{\"@id\":\"https:\/\/tovie.ai\/pt\/#\/schema\/logo\/image\/\"}}]}<\/script>\n<!-- \/ Yoast SEO plugin. -->","yoast_head_json":{"title":"Sobre o Tovie AI","description":"Na Tovie AI, n\u00f3s criamos solu\u00e7\u00f5es e ferramentas para tornar qualquer experi\u00eancia conversacional fluida.","robots":{"index":"index","follow":"follow","max-snippet":"max-snippet:-1","max-image-preview":"max-image-preview:large","max-video-preview":"max-video-preview:-1"},"canonical":"https:\/\/tovie.ai\/pt\/about","og_locale":"en_US","og_type":"article","og_title":"Sobre o Tovie AI","og_description":"Na Tovie AI, n\u00f3s criamos solu\u00e7\u00f5es e ferramentas para tornar qualquer experi\u00eancia conversacional fluida.","og_url":"https:\/\/tovie.ai\/pt\/about","og_site_name":"Melhores pr\u00e1ticas de conversa\u00e7\u00e3o de Tovie AI: chat\/voz\/chamadas","article_modified_time":"2022-10-26T09:57:08+00:00","og_image":[{"width":200,"height":200,"url":"https:\/\/tovie.ai\/pt\/wp-content\/uploads\/sites\/3\/2022\/07\/logo-social-2.png","type":"image\/png"}],"twitter_card":"summary_large_image","twitter_title":"Sobre o Tovie AI","twitter_description":"Na Tovie AI, n\u00f3s criamos solu\u00e7\u00f5es e ferramentas para tornar qualquer experi\u00eancia conversacional fluida.","twitter_image":"https:\/\/tovie.ai\/pt\/wp-content\/uploads\/sites\/3\/2022\/07\/logo-social-2.png","schema":{"@context":"https:\/\/schema.org","@graph":[{"@type":"WebPage","@id":"https:\/\/tovie.ai\/pt\/about","url":"https:\/\/tovie.ai\/pt\/about","name":"Sobre o Tovie AI","isPartOf":{"@id":"https:\/\/tovie.ai\/pt\/#website"},"datePublished":"2022-01-20T10:08:21+00:00","dateModified":"2022-10-26T09:57:08+00:00","description":"Na Tovie AI, n\u00f3s criamos solu\u00e7\u00f5es e ferramentas para tornar qualquer experi\u00eancia conversacional fluida.","breadcrumb":{"@id":"https:\/\/tovie.ai\/pt\/about#breadcrumb"},"inLanguage":"en-US","potentialAction":[{"@type":"ReadAction","target":["https:\/\/tovie.ai\/pt\/about"]}]},{"@type":"BreadcrumbList","@id":"https:\/\/tovie.ai\/pt\/about#breadcrumb","itemListElement":[{"@type":"ListItem","position":1,"name":"\u0413\u043b\u0430\u0432\u043d\u0430\u044f \u0441\u0442\u0440\u0430\u043d\u0438\u0446\u0430","item":"https:\/\/tovie.ai\/pt"},{"@type":"ListItem","position":2,"name":"About Tovie AI"}]},{"@type":"WebSite","@id":"https:\/\/tovie.ai\/pt\/#website","url":"https:\/\/tovie.ai\/pt\/","name":"Melhores pr\u00e1ticas de conversa\u00e7\u00e3o de Tovie AI: chat\/voz\/chamadas","description":"N\u00f3s fornecemos agentes conversacionais sob medida para a sua marca e disponibilizamos em uma grande lista de aparelhos e canais. Conhecimento automatizado, vendas e suporte com Tovie IA","publisher":{"@id":"https:\/\/tovie.ai\/pt\/#organization"},"potentialAction":[{"@type":"SearchAction","target":{"@type":"EntryPoint","urlTemplate":"https:\/\/tovie.ai\/pt\/?s={search_term_string}"},"query-input":{"@type":"PropertyValueSpecification","valueRequired":true,"valueName":"search_term_string"}}],"inLanguage":"en-US"},{"@type":"Organization","@id":"https:\/\/tovie.ai\/pt\/#organization","name":"Melhores pr\u00e1ticas de conversa\u00e7\u00e3o de Tovie AI: chat\/voz\/chamadas","url":"https:\/\/tovie.ai\/pt\/","logo":{"@type":"ImageObject","inLanguage":"en-US","@id":"https:\/\/tovie.ai\/pt\/#\/schema\/logo\/image\/","url":"https:\/\/tovie.ai\/pt\/wp-content\/uploads\/sites\/3\/2022\/07\/logo-social-2.png","contentUrl":"https:\/\/tovie.ai\/pt\/wp-content\/uploads\/sites\/3\/2022\/07\/logo-social-2.png","width":200,"height":200,"caption":"Melhores pr\u00e1ticas de conversa\u00e7\u00e3o de Tovie AI: chat\/voz\/chamadas"},"image":{"@id":"https:\/\/tovie.ai\/pt\/#\/schema\/logo\/image\/"}}]}},"_links":{"self":[{"href":"https:\/\/tovie.ai\/pt\/wp-json\/wp\/v2\/pages\/2373","targetHints":{"allow":["GET"]}}],"collection":[{"href":"https:\/\/tovie.ai\/pt\/wp-json\/wp\/v2\/pages"}],"about":[{"href":"https:\/\/tovie.ai\/pt\/wp-json\/wp\/v2\/types\/page"}],"author":[{"embeddable":true,"href":"https:\/\/tovie.ai\/pt\/wp-json\/wp\/v2\/users\/1"}],"replies":[{"embeddable":true,"href":"https:\/\/tovie.ai\/pt\/wp-json\/wp\/v2\/comments?post=2373"}],"version-history":[{"count":1,"href":"https:\/\/tovie.ai\/pt\/wp-json\/wp\/v2\/pages\/2373\/revisions"}],"predecessor-version":[{"id":3331,"href":"https:\/\/tovie.ai\/pt\/wp-json\/wp\/v2\/pages\/2373\/revisions\/3331"}],"wp:attachment":[{"href":"https:\/\/tovie.ai\/pt\/wp-json\/wp\/v2\/media?parent=2373"}],"curies":[{"name":"wp","href":"https:\/\/api.w.org\/{rel}","templated":true}]}}